{"id":950,"date":"2020-11-05T10:45:06","date_gmt":"2020-11-05T10:45:06","guid":{"rendered":"https:\/\/beta.sileo.swiss\/?page_id=950"},"modified":"2026-03-12T07:37:44","modified_gmt":"2026-03-12T06:37:44","slug":"impressum","status":"publish","type":"page","link":"https:\/\/sileo.swiss\/en\/impressum\/","title":{"rendered":"Imprint"},"content":{"rendered":"<div data-elementor-type=\"wp-page\" data-elementor-id=\"950\" class=\"elementor elementor-950\" data-elementor-post-type=\"page\">\n\t\t\t\t\t\t<section class=\"elementor-section elementor-top-section elementor-element elementor-element-9ae3fb9 elementor-section-full_width animated-fast elementor-section-height-default elementor-section-height-default elementor-invisible\" data-id=\"9ae3fb9\" data-element_type=\"section\" data-e-type=\"section\" data-settings=\"{&quot;animation&quot;:&quot;fadeInDown&quot;}\">\n\t\t\t\t\t\t<div class=\"elementor-container elementor-column-gap-no\">\n\t\t\t\t\t<div class=\"elementor-column elementor-col-100 elementor-top-column elementor-element elementor-element-86e6ecf\" data-id=\"86e6ecf\" data-element_type=\"column\" data-e-type=\"column\">\n\t\t\t<div class=\"elementor-widget-wrap elementor-element-populated\">\n\t\t\t\t\t\t<div class=\"elementor-element elementor-element-68c854e elementor-widget elementor-widget-image\" data-id=\"68c854e\" data-element_type=\"widget\" data-e-type=\"widget\" data-widget_type=\"image.default\">\n\t\t\t\t<div class=\"elementor-widget-container\">\n\t\t\t\t\t\t\t\t\t\t\t\t\t\t\t<img decoding=\"async\" width=\"1\" height=\"1\" src=\"https:\/\/sileo.swiss\/wp-content\/uploads\/2020\/09\/default-page-header.svg\" class=\"attachment-large size-large wp-image-354\" alt=\"\" \/>\t\t\t\t\t\t\t\t\t\t\t\t\t\t\t<\/div>\n\t\t\t\t<\/div>\n\t\t\t\t\t<\/div>\n\t\t<\/div>\n\t\t\t\t\t<\/div>\n\t\t<\/section>\n\t\t\t\t<section class=\"elementor-section elementor-top-section elementor-element elementor-element-912445c elementor-section-boxed elementor-section-height-default elementor-section-height-default\" data-id=\"912445c\" data-element_type=\"section\" data-e-type=\"section\">\n\t\t\t\t\t\t<div class=\"elementor-container elementor-column-gap-no\">\n\t\t\t\t\t<div class=\"elementor-column elementor-col-100 elementor-top-column elementor-element elementor-element-e6149b6\" data-id=\"e6149b6\" data-element_type=\"column\" data-e-type=\"column\">\n\t\t\t<div class=\"elementor-widget-wrap elementor-element-populated\">\n\t\t\t\t\t\t<div class=\"elementor-element elementor-element-82fb0fe elementor-widget elementor-widget-heading\" data-id=\"82fb0fe\" data-element_type=\"widget\" data-e-type=\"widget\" data-widget_type=\"heading.default\">\n\t\t\t\t<div class=\"elementor-widget-container\">\n\t\t\t\t\t<h2 class=\"elementor-heading-title elementor-size-default\">Sileo AG<\/h2>\t\t\t\t<\/div>\n\t\t\t\t<\/div>\n\t\t\t\t<div class=\"elementor-element elementor-element-d88618f elementor-widget elementor-widget-text-editor\" data-id=\"d88618f\" data-element_type=\"widget\" data-e-type=\"widget\" data-widget_type=\"text-editor.default\">\n\t\t\t\t<div class=\"elementor-widget-container\">\n\t\t\t\t\t\t\t\t\t<p><span style=\"text-decoration: underline;\">Correspondence Address, company headquarters and office location:<\/span><\/p><p>B\u00e4renplatz 2<\/p><p>5615 Fahrwangen<\/p><p>+41 43 455 00 77<\/p>\t\t\t\t\t\t\t\t<\/div>\n\t\t\t\t<\/div>\n\t\t\t\t<div class=\"elementor-element elementor-element-4652f81 elementor-widget elementor-widget-text-editor\" data-id=\"4652f81\" data-element_type=\"widget\" data-e-type=\"widget\" data-widget_type=\"text-editor.default\">\n\t\t\t\t<div class=\"elementor-widget-container\">\n\t\t\t\t\t\t\t\t\t<p>support@sileo.swiss<\/p>\t\t\t\t\t\t\t\t<\/div>\n\t\t\t\t<\/div>\n\t\t\t\t<div class=\"elementor-element elementor-element-0c58e04 elementor-widget elementor-widget-heading\" data-id=\"0c58e04\" data-element_type=\"widget\" data-e-type=\"widget\" data-widget_type=\"heading.default\">\n\t\t\t\t<div class=\"elementor-widget-container\">\n\t\t\t\t\t<h2 class=\"elementor-heading-title elementor-size-default\">Liability for links<\/h2>\t\t\t\t<\/div>\n\t\t\t\t<\/div>\n\t\t\t\t<div class=\"elementor-element elementor-element-e7e7231 elementor-widget elementor-widget-text-editor\" data-id=\"e7e7231\" data-element_type=\"widget\" data-e-type=\"widget\" data-widget_type=\"text-editor.default\">\n\t\t\t\t<div class=\"elementor-widget-container\">\n\t\t\t\t\t\t\t\t\t<p>References and links to third-party websites are outside our area of responsibility. We decline all responsibility for such websites. Access and use of such websites is at the user's own risk.<\/p>\t\t\t\t\t\t\t\t<\/div>\n\t\t\t\t<\/div>\n\t\t\t\t<div class=\"elementor-element elementor-element-d05d9c7 elementor-widget elementor-widget-heading\" data-id=\"d05d9c7\" data-element_type=\"widget\" data-e-type=\"widget\" data-widget_type=\"heading.default\">\n\t\t\t\t<div class=\"elementor-widget-container\">\n\t\t\t\t\t<h2 class=\"elementor-heading-title elementor-size-default\">Copyright<\/h2>\t\t\t\t<\/div>\n\t\t\t\t<\/div>\n\t\t\t\t<div class=\"elementor-element elementor-element-f17eb6a elementor-widget elementor-widget-text-editor\" data-id=\"f17eb6a\" data-element_type=\"widget\" data-e-type=\"widget\" data-widget_type=\"text-editor.default\">\n\t\t\t\t<div class=\"elementor-widget-container\">\n\t\t\t\t\t\t\t\t\t<p>The copyright and all other rights to the content, images, photos or other files on the website belong exclusively to the <strong>Sileo Information Management AG<\/strong> or the specifically named copyright holders. The written consent of the copyright holder must be obtained in advance for the reproduction of any elements.<\/p>\t\t\t\t\t\t\t\t<\/div>\n\t\t\t\t<\/div>\n\t\t\t\t<div class=\"elementor-element elementor-element-0da6d0d elementor-widget elementor-widget-heading\" data-id=\"0da6d0d\" data-element_type=\"widget\" data-e-type=\"widget\" data-widget_type=\"heading.default\">\n\t\t\t\t<div class=\"elementor-widget-container\">\n\t\t\t\t\t<h2 class=\"elementor-heading-title elementor-size-default\">Data protection<\/h2>\t\t\t\t<\/div>\n\t\t\t\t<\/div>\n\t\t\t\t<div class=\"elementor-element elementor-element-3221318 elementor-widget elementor-widget-text-editor\" data-id=\"3221318\" data-element_type=\"widget\" data-e-type=\"widget\" data-widget_type=\"text-editor.default\">\n\t\t\t\t<div class=\"elementor-widget-container\">\n\t\t\t\t\t\t\t\t\t<p>Based on Article 13 of the Swiss Federal Constitution and the data protection provisions of the Swiss Confederation ( Data Protection Act, DPA), every person has the right to protection of their privacy as well as protection against misuse of their personal data. We comply with these provisions. Personal data is treated as strictly confidential and is neither sold nor passed on to third parties.<\/p>\n<p>In close cooperation with our hosting providers, we strive to protect the databases as best as possible against unauthorised access, loss, misuse or falsification.<\/p>\n<p>When you access our website, the following data is stored in log files: IP address, date, time, browser request and general information about the operating system or browser. This usage data forms the basis for statistical, anonymous evaluations so that trends can be identified, which we can use to improve our offers accordingly.<\/p>\t\t\t\t\t\t\t\t<\/div>\n\t\t\t\t<\/div>\n\t\t\t\t\t<\/div>\n\t\t<\/div>\n\t\t\t\t\t<\/div>\n\t\t<\/section>\n\t\t\t\t<\/div>","protected":false},"excerpt":{"rendered":"<p class=\"excerpt\">Sileo AG Korrespondenz Adresse, Firmensitz und B\u00fcrostandort: B\u00e4renplatz 2 5615 Fahrwangen +41 43 455 00 77 support@sileo.swiss Haftung f\u00fcr Links Verweise und Links auf Websiten Dritter liegen ausserhalb unseres Verantwortungsbereichs. Es wird jegliche Verantwortung f\u00fcr solche Webseiten abgelehnt. Der Zugriff und die Nutzung solcher Webseiten erfolgen auf eigene Gefahr des Nutzers oder der Nutzerin. Urheberrechte [&hellip;]<\/p>\n","protected":false},"author":1,"featured_media":0,"parent":0,"menu_order":0,"comment_status":"closed","ping_status":"closed","template":"template-blank.php","meta":{"footnotes":""},"class_list":["post-950","page","type-page","status-publish","hentry"],"yoast_head":"<!-- This site is optimized with the Yoast SEO Premium plugin v26.9 (Yoast SEO v27.4) - https:\/\/yoast.com\/product\/yoast-seo-premium-wordpress\/ -->\n<title>Impressum | Sileo AG<\/title>\n<meta name=\"robots\" content=\"index, follow, max-snippet:-1, max-image-preview:large, max-video-preview:-1\" \/>\n<link rel=\"canonical\" href=\"https:\/\/sileo.swiss\/en\/impressum\/\" \/>\n<meta property=\"og:locale\" content=\"en_GB\" \/>\n<meta property=\"og:type\" content=\"article\" \/>\n<meta property=\"og:title\" content=\"Impressum\" \/>\n<meta property=\"og:description\" content=\"Sileo AG Korrespondenz Adresse, Firmensitz und B\u00fcrostandort: B\u00e4renplatz 2 5615 Fahrwangen +41 43 455 00 77 support@sileo.swiss Haftung f\u00fcr Links Verweise und Links auf Websiten Dritter liegen ausserhalb unseres Verantwortungsbereichs. Es wird jegliche Verantwortung f\u00fcr solche Webseiten abgelehnt. Der Zugriff und die Nutzung solcher Webseiten erfolgen auf eigene Gefahr des Nutzers oder der Nutzerin. Urheberrechte [&hellip;]\" \/>\n<meta property=\"og:url\" content=\"https:\/\/sileo.swiss\/en\/impressum\/\" \/>\n<meta property=\"og:site_name\" content=\"Sileo AG\" \/>\n<meta property=\"article:publisher\" content=\"https:\/\/www.facebook.com\/sileo.swiss\" \/>\n<meta property=\"article:modified_time\" content=\"2026-03-12T06:37:44+00:00\" \/>\n<meta name=\"twitter:card\" content=\"summary_large_image\" \/>\n<meta name=\"twitter:label1\" content=\"Estimated reading time\" \/>\n\t<meta name=\"twitter:data1\" content=\"2 minutes\" \/>\n<script type=\"application\/ld+json\" class=\"yoast-schema-graph\">{\"@context\":\"https:\\\/\\\/schema.org\",\"@graph\":[{\"@type\":\"WebPage\",\"@id\":\"https:\\\/\\\/sileo.swiss\\\/impressum\\\/\",\"url\":\"https:\\\/\\\/sileo.swiss\\\/impressum\\\/\",\"name\":\"Impressum | Sileo AG\",\"isPartOf\":{\"@id\":\"https:\\\/\\\/sileo.swiss\\\/en\\\/#website\"},\"primaryImageOfPage\":{\"@id\":\"https:\\\/\\\/sileo.swiss\\\/impressum\\\/#primaryimage\"},\"image\":{\"@id\":\"https:\\\/\\\/sileo.swiss\\\/impressum\\\/#primaryimage\"},\"thumbnailUrl\":\"https:\\\/\\\/sileo.swiss\\\/wp-content\\\/uploads\\\/2020\\\/09\\\/default-page-header.svg\",\"datePublished\":\"2020-11-05T10:45:06+00:00\",\"dateModified\":\"2026-03-12T06:37:44+00:00\",\"breadcrumb\":{\"@id\":\"https:\\\/\\\/sileo.swiss\\\/impressum\\\/#breadcrumb\"},\"inLanguage\":\"en-GB\",\"potentialAction\":[{\"@type\":\"ReadAction\",\"target\":[\"https:\\\/\\\/sileo.swiss\\\/impressum\\\/\"]}]},{\"@type\":\"ImageObject\",\"inLanguage\":\"en-GB\",\"@id\":\"https:\\\/\\\/sileo.swiss\\\/impressum\\\/#primaryimage\",\"url\":\"https:\\\/\\\/sileo.swiss\\\/wp-content\\\/uploads\\\/2020\\\/09\\\/default-page-header.svg\",\"contentUrl\":\"https:\\\/\\\/sileo.swiss\\\/wp-content\\\/uploads\\\/2020\\\/09\\\/default-page-header.svg\"},{\"@type\":\"BreadcrumbList\",\"@id\":\"https:\\\/\\\/sileo.swiss\\\/impressum\\\/#breadcrumb\",\"itemListElement\":[{\"@type\":\"ListItem\",\"position\":1,\"name\":\"Startseite\",\"item\":\"https:\\\/\\\/sileo.swiss\\\/\"},{\"@type\":\"ListItem\",\"position\":2,\"name\":\"Impressum\"}]},{\"@type\":\"WebSite\",\"@id\":\"https:\\\/\\\/sileo.swiss\\\/en\\\/#website\",\"url\":\"https:\\\/\\\/sileo.swiss\\\/en\\\/\",\"name\":\"Sileo AG\",\"description\":\"Professionell und pers\u00f6nlich\",\"publisher\":{\"@id\":\"https:\\\/\\\/sileo.swiss\\\/en\\\/#organization\"},\"potentialAction\":[{\"@type\":\"SearchAction\",\"target\":{\"@type\":\"EntryPoint\",\"urlTemplate\":\"https:\\\/\\\/sileo.swiss\\\/en\\\/?s={search_term_string}\"},\"query-input\":{\"@type\":\"PropertyValueSpecification\",\"valueRequired\":true,\"valueName\":\"search_term_string\"}}],\"inLanguage\":\"en-GB\"},{\"@type\":\"Organization\",\"@id\":\"https:\\\/\\\/sileo.swiss\\\/en\\\/#organization\",\"name\":\"Sileo AG\",\"url\":\"https:\\\/\\\/sileo.swiss\\\/en\\\/\",\"logo\":{\"@type\":\"ImageObject\",\"inLanguage\":\"en-GB\",\"@id\":\"https:\\\/\\\/sileo.swiss\\\/en\\\/#\\\/schema\\\/logo\\\/image\\\/\",\"url\":\"https:\\\/\\\/sileo.swiss\\\/wp-content\\\/uploads\\\/2020\\\/09\\\/SileoLogoBase-Weiss-250p-250x141-1.png\",\"contentUrl\":\"https:\\\/\\\/sileo.swiss\\\/wp-content\\\/uploads\\\/2020\\\/09\\\/SileoLogoBase-Weiss-250p-250x141-1.png\",\"width\":250,\"height\":141,\"caption\":\"Sileo AG\"},\"image\":{\"@id\":\"https:\\\/\\\/sileo.swiss\\\/en\\\/#\\\/schema\\\/logo\\\/image\\\/\"},\"sameAs\":[\"https:\\\/\\\/www.facebook.com\\\/sileo.swiss\",\"https:\\\/\\\/www.instagram.com\\\/sileo.swiss\\\/\",\"https:\\\/\\\/www.linkedin.com\\\/company\\\/sileoag\",\"https:\\\/\\\/www.youtube.com\\\/channel\\\/UCtu0C5q06qzjWy_3MDklTfQ\"]}]}<\/script>\n<!-- \/ Yoast SEO Premium plugin. -->","yoast_head_json":{"title":"Imprint | Sileo AG","robots":{"index":"index","follow":"follow","max-snippet":"max-snippet:-1","max-image-preview":"max-image-preview:large","max-video-preview":"max-video-preview:-1"},"canonical":"https:\/\/sileo.swiss\/en\/impressum\/","og_locale":"en_GB","og_type":"article","og_title":"Impressum","og_description":"Sileo AG Korrespondenz Adresse, Firmensitz und B\u00fcrostandort: B\u00e4renplatz 2 5615 Fahrwangen +41 43 455 00 77 support@sileo.swiss Haftung f\u00fcr Links Verweise und Links auf Websiten Dritter liegen ausserhalb unseres Verantwortungsbereichs. Es wird jegliche Verantwortung f\u00fcr solche Webseiten abgelehnt. Der Zugriff und die Nutzung solcher Webseiten erfolgen auf eigene Gefahr des Nutzers oder der Nutzerin. Urheberrechte [&hellip;]","og_url":"https:\/\/sileo.swiss\/en\/impressum\/","og_site_name":"Sileo AG","article_publisher":"https:\/\/www.facebook.com\/sileo.swiss","article_modified_time":"2026-03-12T06:37:44+00:00","twitter_card":"summary_large_image","twitter_misc":{"Estimated reading time":"2 minutes"},"schema":{"@context":"https:\/\/schema.org","@graph":[{"@type":"WebPage","@id":"https:\/\/sileo.swiss\/impressum\/","url":"https:\/\/sileo.swiss\/impressum\/","name":"Imprint | Sileo AG","isPartOf":{"@id":"https:\/\/sileo.swiss\/en\/#website"},"primaryImageOfPage":{"@id":"https:\/\/sileo.swiss\/impressum\/#primaryimage"},"image":{"@id":"https:\/\/sileo.swiss\/impressum\/#primaryimage"},"thumbnailUrl":"https:\/\/sileo.swiss\/wp-content\/uploads\/2020\/09\/default-page-header.svg","datePublished":"2020-11-05T10:45:06+00:00","dateModified":"2026-03-12T06:37:44+00:00","breadcrumb":{"@id":"https:\/\/sileo.swiss\/impressum\/#breadcrumb"},"inLanguage":"en-GB","potentialAction":[{"@type":"ReadAction","target":["https:\/\/sileo.swiss\/impressum\/"]}]},{"@type":"ImageObject","inLanguage":"en-GB","@id":"https:\/\/sileo.swiss\/impressum\/#primaryimage","url":"https:\/\/sileo.swiss\/wp-content\/uploads\/2020\/09\/default-page-header.svg","contentUrl":"https:\/\/sileo.swiss\/wp-content\/uploads\/2020\/09\/default-page-header.svg"},{"@type":"BreadcrumbList","@id":"https:\/\/sileo.swiss\/impressum\/#breadcrumb","itemListElement":[{"@type":"ListItem","position":1,"name":"Startseite","item":"https:\/\/sileo.swiss\/"},{"@type":"ListItem","position":2,"name":"Impressum"}]},{"@type":"WebSite","@id":"https:\/\/sileo.swiss\/en\/#website","url":"https:\/\/sileo.swiss\/en\/","name":"Sileo AG","description":"Professional and personal","publisher":{"@id":"https:\/\/sileo.swiss\/en\/#organization"},"potentialAction":[{"@type":"SearchAction","target":{"@type":"EntryPoint","urlTemplate":"https:\/\/sileo.swiss\/en\/?s={search_term_string}"},"query-input":{"@type":"PropertyValueSpecification","valueRequired":true,"valueName":"search_term_string"}}],"inLanguage":"en-GB"},{"@type":"Organization","@id":"https:\/\/sileo.swiss\/en\/#organization","name":"Sileo AG","url":"https:\/\/sileo.swiss\/en\/","logo":{"@type":"ImageObject","inLanguage":"en-GB","@id":"https:\/\/sileo.swiss\/en\/#\/schema\/logo\/image\/","url":"https:\/\/sileo.swiss\/wp-content\/uploads\/2020\/09\/SileoLogoBase-Weiss-250p-250x141-1.png","contentUrl":"https:\/\/sileo.swiss\/wp-content\/uploads\/2020\/09\/SileoLogoBase-Weiss-250p-250x141-1.png","width":250,"height":141,"caption":"Sileo AG"},"image":{"@id":"https:\/\/sileo.swiss\/en\/#\/schema\/logo\/image\/"},"sameAs":["https:\/\/www.facebook.com\/sileo.swiss","https:\/\/www.instagram.com\/sileo.swiss\/","https:\/\/www.linkedin.com\/company\/sileoag","https:\/\/www.youtube.com\/channel\/UCtu0C5q06qzjWy_3MDklTfQ"]}]}},"_links":{"self":[{"href":"https:\/\/sileo.swiss\/en\/wp-json\/wp\/v2\/pages\/950","targetHints":{"allow":["GET"]}}],"collection":[{"href":"https:\/\/sileo.swiss\/en\/wp-json\/wp\/v2\/pages"}],"about":[{"href":"https:\/\/sileo.swiss\/en\/wp-json\/wp\/v2\/types\/page"}],"author":[{"embeddable":true,"href":"https:\/\/sileo.swiss\/en\/wp-json\/wp\/v2\/users\/1"}],"replies":[{"embeddable":true,"href":"https:\/\/sileo.swiss\/en\/wp-json\/wp\/v2\/comments?post=950"}],"version-history":[{"count":27,"href":"https:\/\/sileo.swiss\/en\/wp-json\/wp\/v2\/pages\/950\/revisions"}],"predecessor-version":[{"id":9629,"href":"https:\/\/sileo.swiss\/en\/wp-json\/wp\/v2\/pages\/950\/revisions\/9629"}],"wp:attachment":[{"href":"https:\/\/sileo.swiss\/en\/wp-json\/wp\/v2\/media?parent=950"}],"curies":[{"name":"wp","href":"https:\/\/api.w.org\/{rel}","templated":true}]}}